{"id":478,"date":"2015-12-02T17:19:00","date_gmt":"2015-12-02T17:19:00","guid":{"rendered":"http:\/\/www.externatomeninojesus.pt\/site\/?page_id=478"},"modified":"2025-09-08T17:11:11","modified_gmt":"2025-09-08T16:11:11","slug":"regulamento-interno","status":"publish","type":"page","link":"https:\/\/www.externatomeninojesus.pt\/site\/regulamento-interno\/","title":{"rendered":"Regulamento Interno"},"content":{"rendered":"<p>O presente regulamento interno define o regime de funcionamento do Externato\u00a0Menino Jesus, de cada um dos seus \u00f3rg\u00e3os de administra\u00e7\u00e3o e gest\u00e3o, das estruturas\u00a0de coordena\u00e7\u00e3o educativa e supervis\u00e3o pedag\u00f3gica, dos servi\u00e7os e gabinetes\u00a0t\u00e9cnicos, bem como os direitos e os deveres dos membros da comunidade escolar que\u00a0devem ser conhecidos, respeitados e cumpridos por todos os seus elementos.<\/p>\n<p>Este regulamento interno aplica-se aos \u00f3rg\u00e3os de administra\u00e7\u00e3o e gest\u00e3o, \u00e0s\u00a0estruturas de coordena\u00e7\u00e3o e supervis\u00e3o, aos docentes, aos t\u00e9cnicos especializados,\u00a0aos alunos, ao pessoal n\u00e3o docente e aos encarregados de educa\u00e7\u00e3o.<\/p>\n<p><strong>Para consultar o documento integral fa\u00e7a o download:<\/strong><\/p>\n<p><a href=\"https:\/\/www.externatomeninojesus.pt\/site\/wp-content\/uploads\/2025\/09\/Regulamento2025-2026.pdf\">Regulamento Externato Menino Jesus 2025-2026<\/a> (pdf aprox: 900Kb)<\/p>\n","protected":false},"excerpt":{"rendered":"<p>O presente regulamento interno define o regime de funcionamento do Externato\u00a0Menino Jesus, de cada um dos seus \u00f3rg\u00e3os de administra\u00e7\u00e3o e gest\u00e3o, das estruturas\u00a0de coordena\u00e7\u00e3o educativa e supervis\u00e3o pedag\u00f3gica, dos servi\u00e7os e gabinetes\u00a0t\u00e9cnicos, bem como os direitos e os deveres dos membros da comunidade escolar que\u00a0devem ser conhecidos, respeitados e cumpridos por todos os seus <a href=\"https:\/\/www.externatomeninojesus.pt\/site\/regulamento-interno\/\">[&#8230;]<\/a><\/p>\n","protected":false},"author":2,"featured_media":0,"parent":0,"menu_order":0,"comment_status":"closed","ping_status":"closed","template":"page-fullwidth.php","meta":[],"_links":{"self":[{"href":"https:\/\/www.externatomeninojesus.pt\/site\/wp-json\/wp\/v2\/pages\/478"}],"collection":[{"href":"https:\/\/www.externatomeninojesus.pt\/site\/wp-json\/wp\/v2\/pages"}],"about":[{"href":"https:\/\/www.externatomeninojesus.pt\/site\/wp-json\/wp\/v2\/types\/page"}],"author":[{"embeddable":true,"href":"https:\/\/www.externatomeninojesus.pt\/site\/wp-json\/wp\/v2\/users\/2"}],"replies":[{"embeddable":true,"href":"https:\/\/www.externatomeninojesus.pt\/site\/wp-json\/wp\/v2\/comments?post=478"}],"version-history":[{"count":18,"href":"https:\/\/www.externatomeninojesus.pt\/site\/wp-json\/wp\/v2\/pages\/478\/revisions"}],"predecessor-version":[{"id":3798,"href":"https:\/\/www.externatomeninojesus.pt\/site\/wp-json\/wp\/v2\/pages\/478\/revisions\/3798"}],"wp:attachment":[{"href":"https:\/\/www.externatomeninojesus.pt\/site\/wp-json\/wp\/v2\/media?parent=478"}],"curies":[{"name":"wp","href":"https:\/\/api.w.org\/{rel}","templated":true}]}}