{"id":472,"date":"2015-12-02T16:59:13","date_gmt":"2015-12-02T16:59:13","guid":{"rendered":"http:\/\/www.externatomeninojesus.pt\/site\/?page_id=472"},"modified":"2022-07-11T14:10:17","modified_gmt":"2022-07-11T13:10:17","slug":"breve-historia","status":"publish","type":"page","link":"https:\/\/www.externatomeninojesus.pt\/site\/breve-historia\/","title":{"rendered":"Breve Hist\u00f3ria e principais datas"},"content":{"rendered":"<p>O Externato Menino Jesus nasceu em 19 de Janeiro de 1967 (Alvar\u00e1 n\u00ba 1811), na Rua Mousinho de Albuquerque, n\u00ba 5 em Faro, sendo sua propriet\u00e1ria Maria Manuela Borba Rodrigues. Come\u00e7ou a funcionar com 16 alunos do Ensino Infantil. Em 30 de Julho de 1968, foi autorizado a transferir as suas instala\u00e7\u00f5es para o pr\u00e9dio sito na Praceta Coronel Viegas, n\u00ba 11 em Faro, fixando-se a sua lota\u00e7\u00e3o em 24 alunos, do ensino Infantil.<\/p>\n<p>Em 30 de Setembro de 1971, foi autorizado o funcionamento do Ensino Prim\u00e1rio,\u00a0apenas para alunos do sexo masculino, fixando-se a lota\u00e7\u00e3o total em 38 alunos (24\u00a0alunos do Ensino Infantil e 14 alunos do Ensino Prim\u00e1rio).<\/p>\n<p>Em 18 de Novembro de 1976, Rosalina Maria da Costa Sequeira, foi autorizada\u00a0a estabelecer-se como propriet\u00e1ria do Externato.<\/p>\n<p>Em 6 de Agosto de 1979, foi autorizada a amplia\u00e7\u00e3o das instala\u00e7\u00f5es do\u00a0estabelecimento, ficando a funcionar, tamb\u00e9m, num pr\u00e9dio sito na Rua Reitor Teixeira\u00a0Guedes n\u00ba 59 em Faro, tendo sido fixada a lota\u00e7\u00e3o total de 132 alunos (80 alunos do\u00a0Ensino Infantil e 52 alunos do Ensino Prim\u00e1rio). Posteriormente, a 18 de Novembro de\u00a01980, foi fixada a lota\u00e7\u00e3o do Ensino Prim\u00e1rio em 78 alunos.<\/p>\n<p>Em 3 de Junho de 1981, foi autorizado o funcionamento do estabelecimento de\u00a0ensino, num edif\u00edcio \u00fanico sito na Rua Reitor Teixeira Guedes, n\u00ba 71 em Faro, onde se\u00a0t\u00eam mantido at\u00e9 aos dias de hoje.<\/p>\n<p>Em 5 de Julho de 1991 foi fixada a lota\u00e7\u00e3o em 173 alunos.\u00a0A 01 de Setembro de 2006, toma posse a atual dire\u00e7\u00e3o, presidida pelo\u00a0propriet\u00e1rio e diretor do Col\u00e9gio Miguel dos Santos Costa Caramelo.<\/p>\n","protected":false},"excerpt":{"rendered":"<p>O Externato Menino Jesus nasceu em 19 de Janeiro de 1967 (Alvar\u00e1 n\u00ba 1811), na Rua Mousinho de Albuquerque, n\u00ba 5 em Faro, sendo sua propriet\u00e1ria Maria Manuela Borba Rodrigues. Come\u00e7ou a funcionar com 16 alunos do Ensino Infantil. Em 30 de Julho de 1968, foi autorizado a transferir as suas instala\u00e7\u00f5es para o pr\u00e9dio <a href=\"https:\/\/www.externatomeninojesus.pt\/site\/breve-historia\/\">[&#8230;]<\/a><\/p>\n","protected":false},"author":2,"featured_media":0,"parent":0,"menu_order":0,"comment_status":"closed","ping_status":"closed","template":"page-fullwidth.php","meta":[],"_links":{"self":[{"href":"https:\/\/www.externatomeninojesus.pt\/site\/wp-json\/wp\/v2\/pages\/472"}],"collection":[{"href":"https:\/\/www.externatomeninojesus.pt\/site\/wp-json\/wp\/v2\/pages"}],"about":[{"href":"https:\/\/www.externatomeninojesus.pt\/site\/wp-json\/wp\/v2\/types\/page"}],"author":[{"embeddable":true,"href":"https:\/\/www.externatomeninojesus.pt\/site\/wp-json\/wp\/v2\/users\/2"}],"replies":[{"embeddable":true,"href":"https:\/\/www.externatomeninojesus.pt\/site\/wp-json\/wp\/v2\/comments?post=472"}],"version-history":[{"count":4,"href":"https:\/\/www.externatomeninojesus.pt\/site\/wp-json\/wp\/v2\/pages\/472\/revisions"}],"predecessor-version":[{"id":3177,"href":"https:\/\/www.externatomeninojesus.pt\/site\/wp-json\/wp\/v2\/pages\/472\/revisions\/3177"}],"wp:attachment":[{"href":"https:\/\/www.externatomeninojesus.pt\/site\/wp-json\/wp\/v2\/media?parent=472"}],"curies":[{"name":"wp","href":"https:\/\/api.w.org\/{rel}","templated":true}]}}