{"id":17,"date":"2013-12-12T12:40:06","date_gmt":"2013-12-12T12:40:06","guid":{"rendered":"http:\/\/showcase.themesonwheels.com\/carry-hill\/?page_id=17"},"modified":"2016-12-19T16:12:55","modified_gmt":"2016-12-19T16:12:55","slug":"noticias","status":"publish","type":"page","link":"https:\/\/www.externatomeninojesus.pt\/site\/noticias\/","title":{"rendered":"Not\u00edcias"},"content":{"rendered":"                                                <div  class=\"cbp-container cbp_widget_row \" >\n                        <div class=\"cbp-row\">\n                                            <div class=\"cbp_widget_box one whole  \"   >                    <div class=\"chp_widget_post_list \">\n                                    <h2>As \u00faltimas novidades do Externato...<\/h2>\n                                                    <div class=\"one whole  double-pad-bottom cbp-widget-post-list-item\">\n                         \n                            <h3>\n    <a href=\"https:\/\/www.externatomeninojesus.pt\/site\/2026\/04\/13\/jogos-tradicionais-na-escola\/\">Jogos Tradicionais na Escola<\/a>\n<\/h3>\n \n        <div class=\"cbp-widget-post-meta-data\">\n     \n         \n        <span class=\"cbp-widget-post-meta-date\">\n            13 Apr, 2026        <\/span>\n                <\/div>\n \n                    <div class=\"cbp-widget-post-image double-pad-bottom\">\n            <a href=\"https:\/\/www.externatomeninojesus.pt\/site\/2026\/04\/13\/jogos-tradicionais-na-escola\/\" title=\"Jogos Tradicionais na Escola\"><img src=\"https:\/\/www.externatomeninojesus.pt\/site\/wp-content\/uploads\/2026\/04\/e6d79d7b-6f53-4b0d-a905-e2df26f54ea7-613x320.jpg\" alt=\"Jogos Tradicionais na Escola\" class=\"Thumbnail thumbnail ch-featured-image\" \/><\/a>        <\/div>\n    <div class=\"cbp-widget-post-content\">\n    \nRealiz\u00e1mos na \u00faltima semana de aulas do 2\u00ba per\u00edodo a nossa semana de jogos tradicionais no Col\u00e9gio. \n\n\n\nOs jogos tradicionais podem ter um papel importante na vida das crian\u00e7as de hoje. Num...<\/div>\n    <div class=\"cbp-widget-post-link double-pad-top\">\n        <a class=\"cbp_widget_link\" href=\"https:\/\/www.externatomeninojesus.pt\/site\/2026\/04\/13\/jogos-tradicionais-na-escola\/\">ler mais...<\/a>\n    <\/div>\n                                            <\/div>\n                                    <div class=\"one whole  double-pad-bottom cbp-widget-post-list-item\">\n                         \n                            <h3>\n    <a href=\"https:\/\/www.externatomeninojesus.pt\/site\/2026\/03\/05\/prevencao-rodoviaria-na-sala-dos-4-anos-ensino-pre-escolar\/\">Preven\u00e7\u00e3o Rodovi\u00e1ria na sala dos 4 anos (Ensino Pr\u00e9-Escolar)<\/a>\n<\/h3>\n \n        <div class=\"cbp-widget-post-meta-data\">\n     \n         \n        <span class=\"cbp-widget-post-meta-date\">\n            5 Mar, 2026        <\/span>\n                <\/div>\n \n                    <div class=\"cbp-widget-post-image double-pad-bottom\">\n            <a href=\"https:\/\/www.externatomeninojesus.pt\/site\/2026\/03\/05\/prevencao-rodoviaria-na-sala-dos-4-anos-ensino-pre-escolar\/\" title=\"Preven\u00e7\u00e3o Rodovi\u00e1ria na sala dos 4 anos (Ensino Pr\u00e9-Escolar)\"><img src=\"https:\/\/www.externatomeninojesus.pt\/site\/wp-content\/uploads\/2026\/03\/d9549275-fb5f-4554-b038-73462a41259b-613x320.jpg\" alt=\"Preven\u00e7\u00e3o Rodovi\u00e1ria na sala dos 4 anos (Ensino Pr\u00e9-Escolar)\" class=\"Thumbnail thumbnail ch-featured-image\" \/><\/a>        <\/div>\n    <div class=\"cbp-widget-post-content\">\n    \nA chegada do dia de trazer as bicicletas para a Escola \u00e9 sempre recebida com uma enorme excita\u00e7\u00e3o pelas crian\u00e7as. Logo de manh\u00e3, o port\u00e3o da escola enche-se de pequenas bicicletas coloridas,...<\/div>\n    <div class=\"cbp-widget-post-link double-pad-top\">\n        <a class=\"cbp_widget_link\" href=\"https:\/\/www.externatomeninojesus.pt\/site\/2026\/03\/05\/prevencao-rodoviaria-na-sala-dos-4-anos-ensino-pre-escolar\/\">ler mais...<\/a>\n    <\/div>\n                                            <\/div>\n                                    <div class=\"one whole  double-pad-bottom cbp-widget-post-list-item\">\n                         \n                            <h3>\n    <a href=\"https:\/\/www.externatomeninojesus.pt\/site\/2024\/09\/09\/mensagem-de-boas-vindas-5\/\">Mensagem de Boas Vindas<\/a>\n<\/h3>\n \n        <div class=\"cbp-widget-post-meta-data\">\n     \n         \n        <span class=\"cbp-widget-post-meta-date\">\n            9 Sep, 2024        <\/span>\n                <\/div>\n \n                    <div class=\"cbp-widget-post-image double-pad-bottom\">\n            <a href=\"https:\/\/www.externatomeninojesus.pt\/site\/2024\/09\/09\/mensagem-de-boas-vindas-5\/\" title=\"Mensagem de Boas Vindas\"><img src=\"https:\/\/www.externatomeninojesus.pt\/site\/wp-content\/uploads\/2024\/09\/nm1163_licao-613x320.jpg\" alt=\"Mensagem de Boas Vindas\" class=\"Thumbnail thumbnail ch-featured-image\" \/><\/a>        <\/div>\n    <div class=\"cbp-widget-post-content\">\n    \n\n\n\n\nAno letivo 2024\/2025\n\n\n\nO Externato Menino Jesus sa\u00fada e cumprimenta todos os elementos da comunidade educativa: alunos, pais e outros familiares, professoras, educadoras e demais...<\/div>\n    <div class=\"cbp-widget-post-link double-pad-top\">\n        <a class=\"cbp_widget_link\" href=\"https:\/\/www.externatomeninojesus.pt\/site\/2024\/09\/09\/mensagem-de-boas-vindas-5\/\">ler mais...<\/a>\n    <\/div>\n                                            <\/div>\n                                    <div class=\"one whole  double-pad-bottom cbp-widget-post-list-item\">\n                         \n                            <h3>\n    <a href=\"https:\/\/www.externatomeninojesus.pt\/site\/2023\/06\/02\/a-magia-do-zoomarine\/\">A magia do Zoomarine<\/a>\n<\/h3>\n \n        <div class=\"cbp-widget-post-meta-data\">\n     \n         \n        <span class=\"cbp-widget-post-meta-date\">\n            2 Jun, 2023        <\/span>\n                <\/div>\n \n                    <div class=\"cbp-widget-post-image double-pad-bottom\">\n            <a href=\"https:\/\/www.externatomeninojesus.pt\/site\/2023\/06\/02\/a-magia-do-zoomarine\/\" title=\"A magia do Zoomarine\"><img src=\"https:\/\/www.externatomeninojesus.pt\/site\/wp-content\/uploads\/2023\/06\/IMG_20230525_104957_site-613x320.jpg\" alt=\"A magia do Zoomarine\" class=\"Thumbnail thumbnail ch-featured-image\" \/><\/a>        <\/div>\n    <div class=\"cbp-widget-post-content\">\n    \nPara muitos a noite foi de muita expectativa. A ideia de embarcar com os amigos da Escola numa visita ao Zoomarine encheu o imagin\u00e1rio de muitas das nossas crian\u00e7as. A excita\u00e7\u00e3o tomou conta das...<\/div>\n    <div class=\"cbp-widget-post-link double-pad-top\">\n        <a class=\"cbp_widget_link\" href=\"https:\/\/www.externatomeninojesus.pt\/site\/2023\/06\/02\/a-magia-do-zoomarine\/\">ler mais...<\/a>\n    <\/div>\n                                            <\/div>\n                                    <div class=\"one whole  double-pad-bottom cbp-widget-post-list-item\">\n                         \n                            <h3>\n    <a href=\"https:\/\/www.externatomeninojesus.pt\/site\/2022\/06\/13\/pre-escolar-no-zoo-de-lagos\/\">Pr\u00e9-escolar no Zoo de Lagos<\/a>\n<\/h3>\n \n        <div class=\"cbp-widget-post-meta-data\">\n     \n         \n        <span class=\"cbp-widget-post-meta-date\">\n            13 Jun, 2022        <\/span>\n                <\/div>\n \n                    <div class=\"cbp-widget-post-image double-pad-bottom\">\n            <a href=\"https:\/\/www.externatomeninojesus.pt\/site\/2022\/06\/13\/pre-escolar-no-zoo-de-lagos\/\" title=\"Pr\u00e9-escolar no Zoo de Lagos\"><img src=\"https:\/\/www.externatomeninojesus.pt\/site\/wp-content\/uploads\/2022\/06\/IMG_20220609_104048_site-613x320.jpg\" alt=\"Pr\u00e9-escolar no Zoo de Lagos\" class=\"Thumbnail thumbnail ch-featured-image\" \/><\/a>        <\/div>\n    <div class=\"cbp-widget-post-content\">\n    \nA Viagem ao Zoo de Lagos,\n\n\n\nChegou o dia de ir, de autocarro, ao Zoo de Lagos. Muita ansiedade, vontade de embarcar e de nos dirigirmos ao destino. Afinal, um passeio com os amigos da Escola num...<\/div>\n    <div class=\"cbp-widget-post-link double-pad-top\">\n        <a class=\"cbp_widget_link\" href=\"https:\/\/www.externatomeninojesus.pt\/site\/2022\/06\/13\/pre-escolar-no-zoo-de-lagos\/\">ler mais...<\/a>\n    <\/div>\n                                            <\/div>\n                                    <div class=\"one whole  double-pad-bottom cbp-widget-post-list-item\">\n                         \n                            <h3>\n    <a href=\"https:\/\/www.externatomeninojesus.pt\/site\/2022\/03\/02\/carnaval-na-escola\/\">Carnaval na Escola<\/a>\n<\/h3>\n \n        <div class=\"cbp-widget-post-meta-data\">\n     \n         \n        <span class=\"cbp-widget-post-meta-date\">\n            2 Mar, 2022        <\/span>\n                <\/div>\n \n                    <div class=\"cbp-widget-post-image double-pad-bottom\">\n            <a href=\"https:\/\/www.externatomeninojesus.pt\/site\/2022\/03\/02\/carnaval-na-escola\/\" title=\"Carnaval na Escola\"><img src=\"https:\/\/www.externatomeninojesus.pt\/site\/wp-content\/uploads\/2022\/03\/Image20220228094318_site-613x320.jpg\" alt=\"Carnaval na Escola\" class=\"Thumbnail thumbnail ch-featured-image\" \/><\/a>        <\/div>\n    <div class=\"cbp-widget-post-content\">\n    \nNeste dia a imagina\u00e7\u00e3o n\u00e3o conhece limites. Os cavaleiros e as princesas, as espanholas e os pol\u00edcias, os zorros e os exploradores, os dr\u00e1culas e as enfermeiras, as joaninhas e as abelhinhas....<\/div>\n    <div class=\"cbp-widget-post-link double-pad-top\">\n        <a class=\"cbp_widget_link\" href=\"https:\/\/www.externatomeninojesus.pt\/site\/2022\/03\/02\/carnaval-na-escola\/\">ler mais...<\/a>\n    <\/div>\n                                            <\/div>\n                                    <div class=\"one whole  double-pad-bottom cbp-widget-post-list-item\">\n                         \n                            <h3>\n    <a href=\"https:\/\/www.externatomeninojesus.pt\/site\/2021\/11\/10\/o-chocolate-a-alfarroba-e-a-sala-dos-4-anos\/\">O Chocolate, a Alfarroba e a Sala dos 4 Anos<\/a>\n<\/h3>\n \n        <div class=\"cbp-widget-post-meta-data\">\n     \n         \n        <span class=\"cbp-widget-post-meta-date\">\n            10 Nov, 2021        <\/span>\n                <\/div>\n \n                    <div class=\"cbp-widget-post-image double-pad-bottom\">\n            <a href=\"https:\/\/www.externatomeninojesus.pt\/site\/2021\/11\/10\/o-chocolate-a-alfarroba-e-a-sala-dos-4-anos\/\" title=\"O Chocolate, a Alfarroba e a Sala dos 4 Anos\"><img src=\"https:\/\/www.externatomeninojesus.pt\/site\/wp-content\/uploads\/2021\/11\/IMG_3684_site4anos-613x320.jpg\" alt=\"O Chocolate, a Alfarroba e a Sala dos 4 Anos\" class=\"Thumbnail thumbnail ch-featured-image\" \/><\/a>        <\/div>\n    <div class=\"cbp-widget-post-content\">\n    \nFoi mais uma vez com a ajuda dos nossos amigos do Museu Regional do Algarve que pudemos oferecer aos nossos alunos da sala dos 4 anos uma atividade bem gulosa! A excita\u00e7\u00e3o da sa\u00edda da Escola \u00e9,...<\/div>\n    <div class=\"cbp-widget-post-link double-pad-top\">\n        <a class=\"cbp_widget_link\" href=\"https:\/\/www.externatomeninojesus.pt\/site\/2021\/11\/10\/o-chocolate-a-alfarroba-e-a-sala-dos-4-anos\/\">ler mais...<\/a>\n    <\/div>\n                                            <\/div>\n                                    <div class=\"one whole  double-pad-bottom cbp-widget-post-list-item\">\n                         \n                            <h3>\n    <a href=\"https:\/\/www.externatomeninojesus.pt\/site\/2021\/11\/02\/o-halloween-no-externato\/\">O &#8220;Halloween&#8221; no Externato<\/a>\n<\/h3>\n \n        <div class=\"cbp-widget-post-meta-data\">\n     \n         \n        <span class=\"cbp-widget-post-meta-date\">\n            2 Nov, 2021        <\/span>\n                <\/div>\n \n                    <div class=\"cbp-widget-post-image double-pad-bottom\">\n            <a href=\"https:\/\/www.externatomeninojesus.pt\/site\/2021\/11\/02\/o-halloween-no-externato\/\" title=\"O &quot;Halloween&quot; no Externato\"><img src=\"https:\/\/www.externatomeninojesus.pt\/site\/wp-content\/uploads\/2021\/10\/IMG_20211028_120610-613x320.jpg\" alt=\"O &quot;Halloween&quot; no Externato\" class=\"Thumbnail thumbnail ch-featured-image\" \/><\/a>        <\/div>\n    <div class=\"cbp-widget-post-content\">\n    \n\u201cHalloween\u201d: a palavra deriva da express\u00e3o \u201cAll&nbsp;Hallows\u2019 Eve\u201d, uma express\u00e3o de origem Escocesa. \n\n\n\nA celebra\u00e7\u00e3o do&nbsp;Dia das&nbsp;Bruxas&nbsp;tem duas origens que,&nbsp;no...<\/div>\n    <div class=\"cbp-widget-post-link double-pad-top\">\n        <a class=\"cbp_widget_link\" href=\"https:\/\/www.externatomeninojesus.pt\/site\/2021\/11\/02\/o-halloween-no-externato\/\">ler mais...<\/a>\n    <\/div>\n                                            <\/div>\n                                    <div class=\"one whole  double-pad-bottom cbp-widget-post-list-item\">\n                         \n                            <h3>\n    <a href=\"https:\/\/www.externatomeninojesus.pt\/site\/2021\/10\/28\/o-1o-ano-e-o-sal\/\">O 1\u00ba ano e o Sal da Ria Formosa<\/a>\n<\/h3>\n \n        <div class=\"cbp-widget-post-meta-data\">\n     \n         \n        <span class=\"cbp-widget-post-meta-date\">\n            28 Oct, 2021        <\/span>\n                <\/div>\n \n                    <div class=\"cbp-widget-post-image double-pad-bottom\">\n            <a href=\"https:\/\/www.externatomeninojesus.pt\/site\/2021\/10\/28\/o-1o-ano-e-o-sal\/\" title=\"O 1\u00ba ano e o Sal da Ria Formosa\"><img src=\"https:\/\/www.externatomeninojesus.pt\/site\/wp-content\/uploads\/2021\/10\/site6-613x320.jpg\" alt=\"O 1\u00ba ano e o Sal da Ria Formosa\" class=\"Thumbnail thumbnail ch-featured-image\" \/><\/a>        <\/div>\n    <div class=\"cbp-widget-post-content\">\n    \nRegress\u00e1mos - ao fim de quase 2 anos - com os alunos do 1\u00ba ano  ao Museu Regional para participarmos na atividade \"Salineiras\". \n\n\n\nPercebemos, vimos e ouvimos como se extrai o sal do mar, numa...<\/div>\n    <div class=\"cbp-widget-post-link double-pad-top\">\n        <a class=\"cbp_widget_link\" href=\"https:\/\/www.externatomeninojesus.pt\/site\/2021\/10\/28\/o-1o-ano-e-o-sal\/\">ler mais...<\/a>\n    <\/div>\n                                            <\/div>\n                                    <div class=\"one whole  double-pad-bottom cbp-widget-post-list-item\">\n                         \n                            <h3>\n    <a href=\"https:\/\/www.externatomeninojesus.pt\/site\/2021\/10\/25\/o-ciclo-do-milho-2o-ano-no-museu-regional\/\">O Ciclo do Milho &#8211; 2\u00ba ano no Museu Regional<\/a>\n<\/h3>\n \n        <div class=\"cbp-widget-post-meta-data\">\n     \n         \n        <span class=\"cbp-widget-post-meta-date\">\n            25 Oct, 2021        <\/span>\n                <\/div>\n \n                    <div class=\"cbp-widget-post-image double-pad-bottom\">\n            <a href=\"https:\/\/www.externatomeninojesus.pt\/site\/2021\/10\/25\/o-ciclo-do-milho-2o-ano-no-museu-regional\/\" title=\"O Ciclo do Milho - 2\u00ba ano no Museu Regional\"><img src=\"https:\/\/www.externatomeninojesus.pt\/site\/wp-content\/uploads\/2021\/10\/IMG_20211021_140118_site-613x320.jpg\" alt=\"O Ciclo do Milho - 2\u00ba ano no Museu Regional\" class=\"Thumbnail thumbnail ch-featured-image\" \/><\/a>        <\/div>\n    <div class=\"cbp-widget-post-content\">\n    \nNo dia 21 de outubro, e ap\u00f3s muitos meses sem sa\u00edrem do Col\u00e9gio, os alunos do 2\u00ba ano participaram  numa atividade desenvolvida pelo Museu Regional do Algarve denominada \"O ciclo do milho\". Para...<\/div>\n    <div class=\"cbp-widget-post-link double-pad-top\">\n        <a class=\"cbp_widget_link\" href=\"https:\/\/www.externatomeninojesus.pt\/site\/2021\/10\/25\/o-ciclo-do-milho-2o-ano-no-museu-regional\/\">ler mais...<\/a>\n    <\/div>\n                                            <\/div>\n                            <\/div>\n                         \n                            <\/div>\n                        <\/div>\n                    <\/div>\n                            \n\n            \n            \n","protected":false},"excerpt":{"rendered":"","protected":false},"author":2,"featured_media":0,"parent":0,"menu_order":0,"comment_status":"closed","ping_status":"closed","template":"","meta":[],"_links":{"self":[{"href":"https:\/\/www.externatomeninojesus.pt\/site\/wp-json\/wp\/v2\/pages\/17"}],"collection":[{"href":"https:\/\/www.externatomeninojesus.pt\/site\/wp-json\/wp\/v2\/pages"}],"about":[{"href":"https:\/\/www.externatomeninojesus.pt\/site\/wp-json\/wp\/v2\/types\/page"}],"author":[{"embeddable":true,"href":"https:\/\/www.externatomeninojesus.pt\/site\/wp-json\/wp\/v2\/users\/2"}],"replies":[{"embeddable":true,"href":"https:\/\/www.externatomeninojesus.pt\/site\/wp-json\/wp\/v2\/comments?post=17"}],"version-history":[{"count":6,"href":"https:\/\/www.externatomeninojesus.pt\/site\/wp-json\/wp\/v2\/pages\/17\/revisions"}],"predecessor-version":[{"id":1368,"href":"https:\/\/www.externatomeninojesus.pt\/site\/wp-json\/wp\/v2\/pages\/17\/revisions\/1368"}],"wp:attachment":[{"href":"https:\/\/www.externatomeninojesus.pt\/site\/wp-json\/wp\/v2\/media?parent=17"}],"curies":[{"name":"wp","href":"https:\/\/api.w.org\/{rel}","templated":true}]}}